{"id":577,"date":"2026-03-03T14:35:58","date_gmt":"2026-03-03T17:35:58","guid":{"rendered":"https:\/\/levycam.com.br\/?page_id=577"},"modified":"2026-03-08T14:43:45","modified_gmt":"2026-03-08T17:43:45","slug":"comercio-exterior","status":"publish","type":"page","link":"https:\/\/levycam.com.br\/comercio-exterior\/","title":{"rendered":"Com\u00e9rcio exterior"},"content":{"rendered":"\t\t<div data-elementor-type=\"wp-page\" data-elementor-id=\"577\" class=\"elementor elementor-577\" data-elementor-post-type=\"page\">\n\t\t\t\t<div class=\"elementor-element elementor-element-48bc248 e-con-full e-flex wpr-particle-no wpr-jarallax-no wpr-parallax-no wpr-sticky-section-no wpr-equal-height-no e-con e-parent\" data-id=\"48bc248\" data-element_type=\"container\" data-e-type=\"container\" data-settings=\"{&quot;background_background&quot;:&quot;classic&quot;}\">\n\t\t<div class=\"elementor-element elementor-element-b8d0690 e-con-full e-flex wpr-particle-no wpr-jarallax-no wpr-parallax-no wpr-sticky-section-no wpr-equal-height-no e-con e-child\" data-id=\"b8d0690\" data-element_type=\"container\" data-e-type=\"container\">\n\t\t\t\t<div class=\"elementor-element elementor-element-48c20f5 elementor-widget elementor-widget-heading\" data-id=\"48c20f5\" data-element_type=\"widget\" data-e-type=\"widget\" data-widget_type=\"heading.default\">\n\t\t\t\t\t<h1 class=\"elementor-heading-title elementor-size-default\">Opera\u00e7\u00f5es de c\u00e2mbio com intelig\u00eancia estrat\u00e9gica<\/h1>\t\t\t\t<\/div>\n\t\t\t\t<div class=\"elementor-element elementor-element-50041c8 elementor-widget elementor-widget-text-editor\" data-id=\"50041c8\" data-element_type=\"widget\" data-e-type=\"widget\" data-widget_type=\"text-editor.default\">\n\t\t\t\t\t\t\t\t\t<p>Transforme sua opera\u00e7\u00e3o de importa\u00e7\u00e3o e exporta\u00e7\u00e3o em vantagem competitiva, com previsibilidade, taxas eficientes e execu\u00e7\u00e3o segura.<\/p>\t\t\t\t\t\t\t\t<\/div>\n\t\t\t\t<\/div>\n\t\t\t\t<\/div>\n\t\t<div class=\"elementor-element elementor-element-9c0db29 e-flex e-con-boxed wpr-particle-no wpr-jarallax-no wpr-parallax-no wpr-sticky-section-no wpr-equal-height-no e-con e-parent\" data-id=\"9c0db29\" data-element_type=\"container\" data-e-type=\"container\" data-settings=\"{&quot;background_background&quot;:&quot;classic&quot;}\">\n\t\t\t\t\t<div class=\"e-con-inner\">\n\t\t<div class=\"elementor-element elementor-element-9a095b4 e-con-full e-flex wpr-particle-no wpr-jarallax-no wpr-parallax-no wpr-sticky-section-no wpr-equal-height-no e-con e-child\" data-id=\"9a095b4\" data-element_type=\"container\" data-e-type=\"container\">\n\t\t\t\t<div class=\"elementor-element elementor-element-c41f130 elementor-widget elementor-widget-heading\" data-id=\"c41f130\" data-element_type=\"widget\" data-e-type=\"widget\" data-widget_type=\"heading.default\">\n\t\t\t\t\t<h2 class=\"elementor-heading-title elementor-size-default\">Importa\u00e7\u00e3o e <span style=\"color:black\">exporta\u00e7\u00e3o<\/span> <\/h2>\t\t\t\t<\/div>\n\t\t\t\t<div class=\"elementor-element elementor-element-298e87f elementor-widget elementor-widget-text-editor\" data-id=\"298e87f\" data-element_type=\"widget\" data-e-type=\"widget\" data-widget_type=\"text-editor.default\">\n\t\t\t\t\t\t\t\t\t<p>Seu c\u00e2mbio com mais estrat\u00e9gia, previsibilidade e agilidade.<\/p><p>Se sua faz pagamentos, empresa importa insumos ou exporta produtos, o c\u00e2mbio n\u00e3o pode ser apenas uma etapa operacional. Ele precisa ser parte da sua estrat\u00e9gia.<\/p><p>Nossa solu\u00e7\u00e3o para Importa\u00e7\u00e3o e Exporta\u00e7\u00e3o oferece estrutura completa para empresas que operam no com\u00e9rcio exterior com taxas competitivas, suporte especializado e execu\u00e7\u00e3o segura.<\/p><p><strong>O que oferecemos:<\/strong><\/p>\t\t\t\t\t\t\t\t<\/div>\n\t\t\t\t<div class=\"elementor-element elementor-element-cb64dbf elementor-icon-list--layout-traditional elementor-list-item-link-full_width elementor-widget elementor-widget-icon-list\" data-id=\"cb64dbf\" data-element_type=\"widget\" data-e-type=\"widget\" data-widget_type=\"icon-list.default\">\n\t\t\t\t\t\t\t<ul class=\"elementor-icon-list-items\">\n\t\t\t\t\t\t\t<li class=\"elementor-icon-list-item\">\n\t\t\t\t\t\t\t\t\t\t\t<span class=\"elementor-icon-list-icon\">\n\t\t\t\t\t\t\t<svg aria-hidden=\"true\" class=\"e-font-icon-svg e-fas-circle\" viewBox=\"0 0 512 512\" xmlns=\"http:\/\/www.w3.org\/2000\/svg\"><path d=\"M256 8C119 8 8 119 8 256s111 248 248 248 248-111 248-248S393 8 256 8z\"><\/path><\/svg>\t\t\t\t\t\t<\/span>\n\t\t\t\t\t\t\t\t\t\t<span class=\"elementor-icon-list-text\">Pagamento e remessas a fornecedores no exterior<\/span>\n\t\t\t\t\t\t\t\t\t<\/li>\n\t\t\t\t\t\t\t\t<li class=\"elementor-icon-list-item\">\n\t\t\t\t\t\t\t\t\t\t\t<span class=\"elementor-icon-list-icon\">\n\t\t\t\t\t\t\t<svg aria-hidden=\"true\" class=\"e-font-icon-svg e-fas-circle\" viewBox=\"0 0 512 512\" xmlns=\"http:\/\/www.w3.org\/2000\/svg\"><path d=\"M256 8C119 8 8 119 8 256s111 248 248 248 248-111 248-248S393 8 256 8z\"><\/path><\/svg>\t\t\t\t\t\t<\/span>\n\t\t\t\t\t\t\t\t\t\t<span class=\"elementor-icon-list-text\">Envio de recursos com rapidez e seguran\u00e7a, com suporte completo na formaliza\u00e7\u00e3o do contrato de c\u00e2mbio<\/span>\n\t\t\t\t\t\t\t\t\t<\/li>\n\t\t\t\t\t\t\t\t<li class=\"elementor-icon-list-item\">\n\t\t\t\t\t\t\t\t\t\t\t<span class=\"elementor-icon-list-icon\">\n\t\t\t\t\t\t\t<svg aria-hidden=\"true\" class=\"e-font-icon-svg e-fas-circle\" viewBox=\"0 0 512 512\" xmlns=\"http:\/\/www.w3.org\/2000\/svg\"><path d=\"M256 8C119 8 8 119 8 256s111 248 248 248 248-111 248-248S393 8 256 8z\"><\/path><\/svg>\t\t\t\t\t\t<\/span>\n\t\t\t\t\t\t\t\t\t\t<span class=\"elementor-icon-list-text\">Recebimento de exporta\u00e7\u00f5es<\/span>\n\t\t\t\t\t\t\t\t\t<\/li>\n\t\t\t\t\t\t\t\t<li class=\"elementor-icon-list-item\">\n\t\t\t\t\t\t\t\t\t\t\t<span class=\"elementor-icon-list-icon\">\n\t\t\t\t\t\t\t<svg aria-hidden=\"true\" class=\"e-font-icon-svg e-fas-circle\" viewBox=\"0 0 512 512\" xmlns=\"http:\/\/www.w3.org\/2000\/svg\"><path d=\"M256 8C119 8 8 119 8 256s111 248 248 248 248-111 248-248S393 8 256 8z\"><\/path><\/svg>\t\t\t\t\t\t<\/span>\n\t\t\t\t\t\t\t\t\t\t<span class=\"elementor-icon-list-text\">Converta valores recebidos do exterior com efici\u00eancia e acompanhamento dedicado<\/span>\n\t\t\t\t\t\t\t\t\t<\/li>\n\t\t\t\t\t\t\t\t<li class=\"elementor-icon-list-item\">\n\t\t\t\t\t\t\t\t\t\t\t<span class=\"elementor-icon-list-icon\">\n\t\t\t\t\t\t\t<svg aria-hidden=\"true\" class=\"e-font-icon-svg e-fas-circle\" viewBox=\"0 0 512 512\" xmlns=\"http:\/\/www.w3.org\/2000\/svg\"><path d=\"M256 8C119 8 8 119 8 256s111 248 248 248 248-111 248-248S393 8 256 8z\"><\/path><\/svg>\t\t\t\t\t\t<\/span>\n\t\t\t\t\t\t\t\t\t\t<span class=\"elementor-icon-list-text\">Gest\u00e3o estrat\u00e9gica de c\u00e2mbio<\/span>\n\t\t\t\t\t\t\t\t\t<\/li>\n\t\t\t\t\t\t<\/ul>\n\t\t\t\t\t\t<\/div>\n\t\t\t\t<div class=\"elementor-element elementor-element-d656a5c elementor-widget elementor-widget-text-editor\" data-id=\"d656a5c\" data-element_type=\"widget\" data-e-type=\"widget\" data-widget_type=\"text-editor.default\">\n\t\t\t\t\t\t\t\t\t<p>Analisamos seu volume, frequ\u00eancia e exposi\u00e7\u00e3o para estruturar a melhor solu\u00e7\u00e3o para o seu neg\u00f3cio.<br \/>Mais do que c\u00e2mbio.<\/p><p>Uma parceria estrat\u00e9gica para sua opera\u00e7\u00e3o internacional.<\/p><p>Empresas competitivas tratam o com\u00e9rcio exterior com planejamento. Estruture seu c\u00e2mbio com quem entende de opera\u00e7\u00f5es internacionais.<\/p>\t\t\t\t\t\t\t\t<\/div>\n\t\t\t\t<div class=\"elementor-element elementor-element-4e13daf elementor-widget elementor-widget-text-editor\" data-id=\"4e13daf\" data-element_type=\"widget\" data-e-type=\"widget\" data-widget_type=\"text-editor.default\">\n\t\t\t\t\t\t\t\t\t<p>Fale com nosso time comercial e solicite uma proposta personalizada<\/p>\t\t\t\t\t\t\t\t<\/div>\n\t\t\t\t<div class=\"elementor-element elementor-element-7bac0b1 elementor-widget elementor-widget-heading\" data-id=\"7bac0b1\" data-element_type=\"widget\" data-e-type=\"widget\" data-widget_type=\"heading.default\">\n\t\t\t\t\t<h2 class=\"elementor-heading-title elementor-size-default\">Pagamento<span style=\"color:black\"> e remessas<\/span> <\/h2>\t\t\t\t<\/div>\n\t\t\t\t<div class=\"elementor-element elementor-element-7c90c86 elementor-widget elementor-widget-text-editor\" data-id=\"7c90c86\" data-element_type=\"widget\" data-e-type=\"widget\" data-widget_type=\"text-editor.default\">\n\t\t\t\t\t\t\t\t\tEnvie e receba recursos do exterior com seguran\u00e7a, transpar\u00eancia e condi\u00e7\u00f5es competitivas. A Levycam oferece estrutura \u00e1gil e acompanhamento especializado para realizar transfer\u00eancias internacionais com efici\u00eancia e total conformidade regulat\u00f3ria.<br\/>\n<strong>O que oferecemos:<\/strong>\t\t\t\t\t\t\t\t<\/div>\n\t\t\t\t<div class=\"elementor-element elementor-element-fff19b3 elementor-icon-list--layout-traditional elementor-list-item-link-full_width elementor-widget elementor-widget-icon-list\" data-id=\"fff19b3\" data-element_type=\"widget\" data-e-type=\"widget\" data-widget_type=\"icon-list.default\">\n\t\t\t\t\t\t\t<ul class=\"elementor-icon-list-items\">\n\t\t\t\t\t\t\t<li class=\"elementor-icon-list-item\">\n\t\t\t\t\t\t\t\t\t\t\t<span class=\"elementor-icon-list-icon\">\n\t\t\t\t\t\t\t<svg aria-hidden=\"true\" class=\"e-font-icon-svg e-fas-circle\" viewBox=\"0 0 512 512\" xmlns=\"http:\/\/www.w3.org\/2000\/svg\"><path d=\"M256 8C119 8 8 119 8 256s111 248 248 248 248-111 248-248S393 8 256 8z\"><\/path><\/svg>\t\t\t\t\t\t<\/span>\n\t\t\t\t\t\t\t\t\t\t<span class=\"elementor-icon-list-text\">Transfer\u00eancias internacionais<\/span>\n\t\t\t\t\t\t\t\t\t<\/li>\n\t\t\t\t\t\t\t\t<li class=\"elementor-icon-list-item\">\n\t\t\t\t\t\t\t\t\t\t\t<span class=\"elementor-icon-list-icon\">\n\t\t\t\t\t\t\t<svg aria-hidden=\"true\" class=\"e-font-icon-svg e-fas-circle\" viewBox=\"0 0 512 512\" xmlns=\"http:\/\/www.w3.org\/2000\/svg\"><path d=\"M256 8C119 8 8 119 8 256s111 248 248 248 248-111 248-248S393 8 256 8z\"><\/path><\/svg>\t\t\t\t\t\t<\/span>\n\t\t\t\t\t\t\t\t\t\t<span class=\"elementor-icon-list-text\">Taxas menores que nos bancos<\/span>\n\t\t\t\t\t\t\t\t\t<\/li>\n\t\t\t\t\t\t\t\t<li class=\"elementor-icon-list-item\">\n\t\t\t\t\t\t\t\t\t\t\t<span class=\"elementor-icon-list-icon\">\n\t\t\t\t\t\t\t<svg aria-hidden=\"true\" class=\"e-font-icon-svg e-fas-circle\" viewBox=\"0 0 512 512\" xmlns=\"http:\/\/www.w3.org\/2000\/svg\"><path d=\"M256 8C119 8 8 119 8 256s111 248 248 248 248-111 248-248S393 8 256 8z\"><\/path><\/svg>\t\t\t\t\t\t<\/span>\n\t\t\t\t\t\t\t\t\t\t<span class=\"elementor-icon-list-text\">Transa\u00e7\u00f5es seguras e r\u00e1pidas<\/span>\n\t\t\t\t\t\t\t\t\t<\/li>\n\t\t\t\t\t\t\t\t<li class=\"elementor-icon-list-item\">\n\t\t\t\t\t\t\t\t\t\t\t<span class=\"elementor-icon-list-icon\">\n\t\t\t\t\t\t\t<svg aria-hidden=\"true\" class=\"e-font-icon-svg e-fas-circle\" viewBox=\"0 0 512 512\" xmlns=\"http:\/\/www.w3.org\/2000\/svg\"><path d=\"M256 8C119 8 8 119 8 256s111 248 248 248 248-111 248-248S393 8 256 8z\"><\/path><\/svg>\t\t\t\t\t\t<\/span>\n\t\t\t\t\t\t\t\t\t\t<span class=\"elementor-icon-list-text\">Atendimento especializado<\/span>\n\t\t\t\t\t\t\t\t\t<\/li>\n\t\t\t\t\t\t<\/ul>\n\t\t\t\t\t\t<\/div>\n\t\t\t\t<\/div>\n\t\t\t\t<div class=\"elementor-element elementor-element-549c3f2 elementor-widget elementor-widget-text-editor\" data-id=\"549c3f2\" data-element_type=\"widget\" data-e-type=\"widget\" data-widget_type=\"text-editor.default\">\n\t\t\t\t\t\t\t\t\t<p>Receba pagamentos internacionais ou sal\u00e1rio em at\u00e9 24hs.<\/p><p>Receba rendimentos ou envie dinheiro para investir fora.<\/p><p>Mais do que c\u00e2mbio, uma parceria estrat\u00e9gica para sua opera\u00e7\u00e3o internacional.<\/p><p>Fale com nosso time comercial e solicite uma proposta personalizada<\/p>\t\t\t\t\t\t\t\t<\/div>\n\t\t\t\t\t<\/div>\n\t\t\t\t<\/div>\n\t\t<div class=\"elementor-element elementor-element-628ad80 e-flex e-con-boxed wpr-particle-no wpr-jarallax-no wpr-parallax-no wpr-sticky-section-no wpr-equal-height-no e-con e-parent\" data-id=\"628ad80\" data-element_type=\"container\" data-e-type=\"container\" data-settings=\"{&quot;background_background&quot;:&quot;classic&quot;}\">\n\t\t\t\t\t<div class=\"e-con-inner\">\n\t\t<div class=\"elementor-element elementor-element-c3c8ec7 e-con-full e-flex wpr-particle-no wpr-jarallax-no wpr-parallax-no wpr-sticky-section-no wpr-equal-height-no e-con e-child\" data-id=\"c3c8ec7\" data-element_type=\"container\" data-e-type=\"container\">\n\t\t\t\t<div class=\"elementor-element elementor-element-65fd54e elementor-widget elementor-widget-heading\" data-id=\"65fd54e\" data-element_type=\"widget\" data-e-type=\"widget\" data-widget_type=\"heading.default\">\n\t\t\t\t\t<h2 class=\"elementor-heading-title elementor-size-default\">Conhece  <span style=\"color:black\"> o SML?<\/span> <\/h2>\t\t\t\t<\/div>\n\t\t\t\t<div class=\"elementor-element elementor-element-d7a5c85 elementor-widget elementor-widget-text-editor\" data-id=\"d7a5c85\" data-element_type=\"widget\" data-e-type=\"widget\" data-widget_type=\"text-editor.default\">\n\t\t\t\t\t\t\t\t\t<p>O SML \u00e9 sistema de pagamentos em moeda local entre os pa\u00edses do Mercosul.<\/p><p>Se sua empresa faz pagamentos, recebe remessas, importa ou exporta para pa\u00edses participantes do SML, voc\u00ea pode operar sem precisar passar pelo d\u00f3lar e ter uma redu\u00e7\u00e3o de custos na sua opera\u00e7\u00e3o.<\/p><p>O Sistema de Pagamentos em Moeda Local (SML) permite que pagamentos e recebimentos internacionais sejam realizados diretamente nas moedas dos pa\u00edses envolvidos \u2014 com liquida\u00e7\u00e3o entre Bancos Centrais.<\/p><p><strong>Ideal para empresas que:<\/strong><\/p>\t\t\t\t\t\t\t\t<\/div>\n\t\t\t\t<div class=\"elementor-element elementor-element-e892c0f elementor-icon-list--layout-traditional elementor-list-item-link-full_width elementor-widget elementor-widget-icon-list\" data-id=\"e892c0f\" data-element_type=\"widget\" data-e-type=\"widget\" data-widget_type=\"icon-list.default\">\n\t\t\t\t\t\t\t<ul class=\"elementor-icon-list-items\">\n\t\t\t\t\t\t\t<li class=\"elementor-icon-list-item\">\n\t\t\t\t\t\t\t\t\t\t\t<span class=\"elementor-icon-list-icon\">\n\t\t\t\t\t\t\t<svg aria-hidden=\"true\" class=\"e-font-icon-svg e-fas-circle\" viewBox=\"0 0 512 512\" xmlns=\"http:\/\/www.w3.org\/2000\/svg\"><path d=\"M256 8C119 8 8 119 8 256s111 248 248 248 248-111 248-248S393 8 256 8z\"><\/path><\/svg>\t\t\t\t\t\t<\/span>\n\t\t\t\t\t\t\t\t\t\t<span class=\"elementor-icon-list-text\">Fazem manuten\u00e7\u00e3o de Residente<\/span>\n\t\t\t\t\t\t\t\t\t<\/li>\n\t\t\t\t\t\t\t\t<li class=\"elementor-icon-list-item\">\n\t\t\t\t\t\t\t\t\t\t\t<span class=\"elementor-icon-list-icon\">\n\t\t\t\t\t\t\t<svg aria-hidden=\"true\" class=\"e-font-icon-svg e-fas-circle\" viewBox=\"0 0 512 512\" xmlns=\"http:\/\/www.w3.org\/2000\/svg\"><path d=\"M256 8C119 8 8 119 8 256s111 248 248 248 248-111 248-248S393 8 256 8z\"><\/path><\/svg>\t\t\t\t\t\t<\/span>\n\t\t\t\t\t\t\t\t\t\t<span class=\"elementor-icon-list-text\">Exportam regularmente para pa\u00edses do Mercosul<\/span>\n\t\t\t\t\t\t\t\t\t<\/li>\n\t\t\t\t\t\t\t\t<li class=\"elementor-icon-list-item\">\n\t\t\t\t\t\t\t\t\t\t\t<span class=\"elementor-icon-list-icon\">\n\t\t\t\t\t\t\t<svg aria-hidden=\"true\" class=\"e-font-icon-svg e-fas-circle\" viewBox=\"0 0 512 512\" xmlns=\"http:\/\/www.w3.org\/2000\/svg\"><path d=\"M256 8C119 8 8 119 8 256s111 248 248 248 248-111 248-248S393 8 256 8z\"><\/path><\/svg>\t\t\t\t\t\t<\/span>\n\t\t\t\t\t\t\t\t\t\t<span class=\"elementor-icon-list-text\">Importam com frequ\u00eancia desses mercados<\/span>\n\t\t\t\t\t\t\t\t\t<\/li>\n\t\t\t\t\t\t\t\t<li class=\"elementor-icon-list-item\">\n\t\t\t\t\t\t\t\t\t\t\t<span class=\"elementor-icon-list-icon\">\n\t\t\t\t\t\t\t<svg aria-hidden=\"true\" class=\"e-font-icon-svg e-fas-circle\" viewBox=\"0 0 512 512\" xmlns=\"http:\/\/www.w3.org\/2000\/svg\"><path d=\"M256 8C119 8 8 119 8 256s111 248 248 248 248-111 248-248S393 8 256 8z\"><\/path><\/svg>\t\t\t\t\t\t<\/span>\n\t\t\t\t\t\t\t\t\t\t<span class=\"elementor-icon-list-text\">Buscam disponibilidade<\/span>\n\t\t\t\t\t\t\t\t\t<\/li>\n\t\t\t\t\t\t<\/ul>\n\t\t\t\t\t\t<\/div>\n\t\t\t\t<div class=\"elementor-element elementor-element-038953b elementor-widget elementor-widget-text-editor\" data-id=\"038953b\" data-element_type=\"widget\" data-e-type=\"widget\" data-widget_type=\"text-editor.default\">\n\t\t\t\t\t\t\t\t\t<p><span data-contrast=\"auto\">Mais efici\u00eancia. Menos etapas. Mais previsibilidade financeira.<\/span><span data-ccp-props=\"{&quot;134233117&quot;:false,&quot;134233118&quot;:false,&quot;201341983&quot;:0,&quot;335551550&quot;:1,&quot;335551620&quot;:1,&quot;335559685&quot;:0,&quot;335559737&quot;:0,&quot;335559738&quot;:240,&quot;335559739&quot;:240,&quot;335559740&quot;:276}\">\u00a0<\/span><\/p><p><span data-contrast=\"auto\">Se sua empresa j\u00e1 opera com pa\u00edses eleg\u00edveis Argentina, Uruguai e Paraguai, voc\u00ea pode estar deixando efici\u00eancia na mesa.<\/span><span data-ccp-props=\"{&quot;134233117&quot;:false,&quot;134233118&quot;:false,&quot;201341983&quot;:0,&quot;335551550&quot;:1,&quot;335551620&quot;:1,&quot;335559685&quot;:0,&quot;335559737&quot;:0,&quot;335559738&quot;:240,&quot;335559739&quot;:240,&quot;335559740&quot;:276}\">\u00a0<\/span><\/p><p><b><span data-contrast=\"auto\">Converse com nosso time e avalie agora se o SML \u00e9 a melhor solu\u00e7\u00e3o para sua opera\u00e7\u00e3o.<\/span><\/b><span data-ccp-props=\"{&quot;134233117&quot;:false,&quot;134233118&quot;:false,&quot;201341983&quot;:0,&quot;335551550&quot;:1,&quot;335551620&quot;:1,&quot;335559685&quot;:0,&quot;335559737&quot;:0,&quot;335559738&quot;:240,&quot;335559739&quot;:240,&quot;335559740&quot;:276}\">\u00a0<\/span><\/p>\t\t\t\t\t\t\t\t<\/div>\n\t\t\t\t<div class=\"elementor-element elementor-element-665b902 elementor-align-left elementor-widget elementor-widget-button\" data-id=\"665b902\" data-element_type=\"widget\" data-e-type=\"widget\" data-widget_type=\"button.default\">\n\t\t\t\t\t\t\t\t\t\t<a class=\"elementor-button elementor-button-link elementor-size-sm\" href=\"https:\/\/wa.me\/5511918791898\">\n\t\t\t\t\t\t<span class=\"elementor-button-content-wrapper\">\n\t\t\t\t\t\t\t\t\t<span class=\"elementor-button-text\">Fale com especialista<\/span>\n\t\t\t\t\t<\/span>\n\t\t\t\t\t<\/a>\n\t\t\t\t\t\t\t\t<\/div>\n\t\t\t\t<\/div>\n\t\t\t\t\t<\/div>\n\t\t\t\t<\/div>\n\t\t\t\t<\/div>\n\t\t","protected":false},"excerpt":{"rendered":"<p>Opera\u00e7\u00f5es de c\u00e2mbio com intelig\u00eancia estrat\u00e9gica Transforme sua opera\u00e7\u00e3o de importa\u00e7\u00e3o e exporta\u00e7\u00e3o em vantagem competitiva, com previsibilidade, taxas eficientes e execu\u00e7\u00e3o segura. Importa\u00e7\u00e3o e exporta\u00e7\u00e3o Seu c\u00e2mbio com mais estrat\u00e9gia, previsibilidade e agilidade. Se sua faz pagamentos, empresa importa insumos ou exporta produtos, o c\u00e2mbio n\u00e3o pode ser apenas uma etapa operacional. Ele precisa ser parte da sua estrat\u00e9gia. Nossa solu\u00e7\u00e3o para Importa\u00e7\u00e3o e Exporta\u00e7\u00e3o oferece estrutura completa para empresas que operam no com\u00e9rcio exterior com taxas competitivas, suporte especializado e execu\u00e7\u00e3o segura. O que oferecemos: Pagamento e remessas a fornecedores no exterior Envio de recursos com rapidez e seguran\u00e7a, com suporte completo na formaliza\u00e7\u00e3o do contrato de c\u00e2mbio Recebimento de exporta\u00e7\u00f5es Converta valores recebidos do exterior com efici\u00eancia e acompanhamento dedicado Gest\u00e3o estrat\u00e9gica de c\u00e2mbio Analisamos seu volume, frequ\u00eancia e exposi\u00e7\u00e3o para estruturar a melhor solu\u00e7\u00e3o para o seu neg\u00f3cio.Mais do que c\u00e2mbio. Uma parceria estrat\u00e9gica para sua opera\u00e7\u00e3o internacional. Empresas competitivas tratam o com\u00e9rcio exterior com planejamento. Estruture seu c\u00e2mbio com quem entende de opera\u00e7\u00f5es internacionais. Fale com nosso time comercial e solicite uma proposta personalizada Pagamento e remessas Envie e receba recursos do exterior com seguran\u00e7a, transpar\u00eancia e condi\u00e7\u00f5es competitivas. A Levycam oferece estrutura \u00e1gil e acompanhamento especializado para realizar transfer\u00eancias internacionais com efici\u00eancia e total conformidade regulat\u00f3ria. O que oferecemos: Transfer\u00eancias internacionais Taxas menores que nos bancos Transa\u00e7\u00f5es seguras e r\u00e1pidas Atendimento especializado Receba pagamentos internacionais ou sal\u00e1rio em at\u00e9 24hs. Receba rendimentos ou envie dinheiro para investir fora. Mais do que c\u00e2mbio, uma parceria estrat\u00e9gica para sua opera\u00e7\u00e3o internacional. Fale com nosso time comercial e solicite uma proposta personalizada Conhece o SML? O SML \u00e9 sistema de pagamentos em moeda local entre os pa\u00edses do Mercosul. Se sua empresa faz pagamentos, recebe remessas, importa ou exporta para pa\u00edses participantes do SML, voc\u00ea pode operar sem precisar passar pelo d\u00f3lar e ter uma redu\u00e7\u00e3o de custos na sua opera\u00e7\u00e3o. O Sistema de Pagamentos em Moeda Local (SML) permite que pagamentos e recebimentos internacionais sejam realizados diretamente nas moedas dos pa\u00edses envolvidos \u2014 com liquida\u00e7\u00e3o entre Bancos Centrais. Ideal para empresas que: Fazem manuten\u00e7\u00e3o de Residente Exportam regularmente para pa\u00edses do Mercosul Importam com frequ\u00eancia desses mercados Buscam disponibilidade Mais efici\u00eancia. Menos etapas. Mais previsibilidade financeira.\u00a0 Se sua empresa j\u00e1 opera com pa\u00edses eleg\u00edveis Argentina, Uruguai e Paraguai, voc\u00ea pode estar deixando efici\u00eancia na mesa.\u00a0 Converse com nosso time e avalie agora se o SML \u00e9 a melhor solu\u00e7\u00e3o para sua opera\u00e7\u00e3o.\u00a0 Fale com especialista<\/p>\n","protected":false},"author":1,"featured_media":0,"parent":0,"menu_order":0,"comment_status":"closed","ping_status":"closed","template":"elementor_header_footer","meta":{"footnotes":""},"class_list":["post-577","page","type-page","status-publish","hentry"],"_links":{"self":[{"href":"https:\/\/levycam.com.br\/wp-json\/wp\/v2\/pages\/577","targetHints":{"allow":["GET"]}}],"collection":[{"href":"https:\/\/levycam.com.br\/wp-json\/wp\/v2\/pages"}],"about":[{"href":"https:\/\/levycam.com.br\/wp-json\/wp\/v2\/types\/page"}],"author":[{"embeddable":true,"href":"https:\/\/levycam.com.br\/wp-json\/wp\/v2\/users\/1"}],"replies":[{"embeddable":true,"href":"https:\/\/levycam.com.br\/wp-json\/wp\/v2\/comments?post=577"}],"version-history":[{"count":65,"href":"https:\/\/levycam.com.br\/wp-json\/wp\/v2\/pages\/577\/revisions"}],"predecessor-version":[{"id":27141,"href":"https:\/\/levycam.com.br\/wp-json\/wp\/v2\/pages\/577\/revisions\/27141"}],"wp:attachment":[{"href":"https:\/\/levycam.com.br\/wp-json\/wp\/v2\/media?parent=577"}],"curies":[{"name":"wp","href":"https:\/\/api.w.org\/{rel}","templated":true}]}}