{"id":558,"date":"2026-03-03T14:02:38","date_gmt":"2026-03-03T17:02:38","guid":{"rendered":"https:\/\/levycam.com.br\/?page_id=558"},"modified":"2026-03-09T01:39:06","modified_gmt":"2026-03-09T04:39:06","slug":"parceiros","status":"publish","type":"page","link":"https:\/\/levycam.com.br\/parceiros\/","title":{"rendered":"Parceiros"},"content":{"rendered":"\t\t<div data-elementor-type=\"wp-page\" data-elementor-id=\"558\" class=\"elementor elementor-558\" data-elementor-post-type=\"page\">\n\t\t\t\t<div class=\"elementor-element elementor-element-48bc248 e-flex e-con-boxed wpr-particle-no wpr-jarallax-no wpr-parallax-no wpr-sticky-section-no wpr-equal-height-no e-con e-parent\" data-id=\"48bc248\" data-element_type=\"container\" data-e-type=\"container\" data-settings=\"{&quot;background_background&quot;:&quot;classic&quot;}\">\n\t\t\t\t\t<div class=\"e-con-inner\">\n\t\t<div class=\"elementor-element elementor-element-b8d0690 e-con-full e-flex wpr-particle-no wpr-jarallax-no wpr-parallax-no wpr-sticky-section-no wpr-equal-height-no e-con e-child\" data-id=\"b8d0690\" data-element_type=\"container\" data-e-type=\"container\">\n\t\t\t\t<div class=\"elementor-element elementor-element-48c20f5 elementor-widget elementor-widget-heading\" data-id=\"48c20f5\" data-element_type=\"widget\" data-e-type=\"widget\" data-widget_type=\"heading.default\">\n\t\t\t\t\t<h1 class=\"elementor-heading-title elementor-size-default\">Turbine o crescimento<br> do seu neg\u00f3cio. <\/h1>\t\t\t\t<\/div>\n\t\t\t\t<div class=\"elementor-element elementor-element-50041c8 elementor-widget elementor-widget-text-editor\" data-id=\"50041c8\" data-element_type=\"widget\" data-e-type=\"widget\" data-widget_type=\"text-editor.default\">\n\t\t\t\t\t\t\t\t\t<p>Sua expans\u00e3o come\u00e7a com uma parceria confi\u00e1vel.<\/p>\t\t\t\t\t\t\t\t<\/div>\n\t\t\t\t<\/div>\n\t\t\t\t\t<\/div>\n\t\t\t\t<\/div>\n\t\t<div class=\"elementor-element elementor-element-7976187 e-flex e-con-boxed wpr-particle-no wpr-jarallax-no wpr-parallax-no wpr-sticky-section-no wpr-equal-height-no e-con e-parent\" data-id=\"7976187\" data-element_type=\"container\" data-e-type=\"container\" data-settings=\"{&quot;background_background&quot;:&quot;classic&quot;}\">\n\t\t\t\t\t<div class=\"e-con-inner\">\n\t\t<div class=\"elementor-element elementor-element-7962a4e e-con-full e-flex wpr-particle-no wpr-jarallax-no wpr-parallax-no wpr-sticky-section-no wpr-equal-height-no e-con e-child\" data-id=\"7962a4e\" data-element_type=\"container\" data-e-type=\"container\">\n\t\t\t\t<div class=\"elementor-element elementor-element-1f7c914 elementor-widget elementor-widget-heading\" data-id=\"1f7c914\" data-element_type=\"widget\" data-e-type=\"widget\" data-widget_type=\"heading.default\">\n\t\t\t\t\t<h2 class=\"elementor-heading-title elementor-size-default\">Benef\u00edcios de ser<span style=\"color:black\"> um parceiro Levycam<\/span> <\/h2>\t\t\t\t<\/div>\n\t\t\t\t<div class=\"elementor-element elementor-element-eaa3494 elementor-widget elementor-widget-text-editor\" data-id=\"eaa3494\" data-element_type=\"widget\" data-e-type=\"widget\" data-widget_type=\"text-editor.default\">\n\t\t\t\t\t\t\t\t\t<p>Ao integrar o ecossistema Levycam, sua empresa amplia capacidade operacional, fortalece sua oferta ao mercado e acelera a gera\u00e7\u00e3o de receita com solu\u00e7\u00f5es cambiais e financeiras internacionais estruturadas.<\/p>\t\t\t\t\t\t\t\t<\/div>\n\t\t\t\t<\/div>\n\t\t\t\t\t<\/div>\n\t\t\t\t<\/div>\n\t\t<div class=\"elementor-element elementor-element-c35c60c e-flex e-con-boxed wpr-particle-no wpr-jarallax-no wpr-parallax-no wpr-sticky-section-no wpr-equal-height-no e-con e-parent\" data-id=\"c35c60c\" data-element_type=\"container\" data-e-type=\"container\" data-settings=\"{&quot;background_background&quot;:&quot;classic&quot;}\">\n\t\t\t\t\t<div class=\"e-con-inner\">\n\t\t<div class=\"elementor-element elementor-element-c50fbba e-con-full e-flex wpr-particle-no wpr-jarallax-no wpr-parallax-no wpr-sticky-section-no wpr-equal-height-no e-con e-child\" data-id=\"c50fbba\" data-element_type=\"container\" data-e-type=\"container\">\n\t\t\t\t<div class=\"elementor-element elementor-element-7603ebd elementor-widget elementor-widget-heading\" data-id=\"7603ebd\" data-element_type=\"widget\" data-e-type=\"widget\" data-widget_type=\"heading.default\">\n\t\t\t\t\t<h2 class=\"elementor-heading-title elementor-size-default\">Voc\u00ea vai ter <span style=\"color:black\"> nosso apoio para:<\/span> <\/h2>\t\t\t\t<\/div>\n\t\t\t\t<div class=\"elementor-element elementor-element-a401d27 elementor-widget elementor-widget-text-editor\" data-id=\"a401d27\" data-element_type=\"widget\" data-e-type=\"widget\" data-widget_type=\"text-editor.default\">\n\t\t\t\t\t\t\t\t\t<p><strong>\u2022 Gera\u00e7\u00e3o de Novos Neg\u00f3cios:<\/strong> Amplie sua proposta de valor com solu\u00e7\u00f5es internacionais prontas para integrar \u00e0 sua base de clientes.<\/p><p><strong>\u2022 Especialistas Dedicados:<\/strong> Acesso ao nosso time de especialistas em c\u00e2mbio e opera\u00e7\u00f5es internacionais para suporte estrat\u00e9gico e operacional.<\/p><p><strong>\u2022 A\u00e7\u00f5es Conjuntas de Marketing e Vendas:<\/strong> Co-cria\u00e7\u00e3o de oportunidades comerciais e iniciativas para expans\u00e3o de mercado.<\/p><p><strong>\u2022 Selo Levycam:<\/strong> Associe sua marca a uma corretora com mais de 90 anos de solidez, governan\u00e7a e reconhecimento no mercado.<\/p>\t\t\t\t\t\t\t\t<\/div>\n\t\t\t\t<div class=\"elementor-element elementor-element-4e13daf elementor-widget elementor-widget-text-editor\" data-id=\"4e13daf\" data-element_type=\"widget\" data-e-type=\"widget\" data-widget_type=\"text-editor.default\">\n\t\t\t\t\t\t\t\t\t<p>Torne-se parceiro estrat\u00e9gico da Levycam.<\/p>\t\t\t\t\t\t\t\t<\/div>\n\t\t\t\t<div class=\"elementor-element elementor-element-665b902 elementor-align-left elementor-widget elementor-widget-button\" data-id=\"665b902\" data-element_type=\"widget\" data-e-type=\"widget\" data-widget_type=\"button.default\">\n\t\t\t\t\t\t\t\t\t\t<a class=\"elementor-button elementor-button-link elementor-size-sm\" href=\"mailto:mariana.winter@levycam.com.br\">\n\t\t\t\t\t\t<span class=\"elementor-button-content-wrapper\">\n\t\t\t\t\t\t\t\t\t<span class=\"elementor-button-text\">Fale com nosso time<\/span>\n\t\t\t\t\t<\/span>\n\t\t\t\t\t<\/a>\n\t\t\t\t\t\t\t\t<\/div>\n\t\t\t\t<\/div>\n\t\t\t\t\t<\/div>\n\t\t\t\t<\/div>\n\t\t<div class=\"elementor-element elementor-element-98407e7 e-flex e-con-boxed wpr-particle-no wpr-jarallax-no wpr-parallax-no wpr-sticky-section-no wpr-equal-height-no e-con e-parent\" data-id=\"98407e7\" data-element_type=\"container\" data-e-type=\"container\" data-settings=\"{&quot;background_background&quot;:&quot;classic&quot;}\">\n\t\t\t\t\t<div class=\"e-con-inner\">\n\t\t<div class=\"elementor-element elementor-element-be16d59 e-con-full e-flex wpr-particle-no wpr-jarallax-no wpr-parallax-no wpr-sticky-section-no wpr-equal-height-no e-con e-child\" data-id=\"be16d59\" data-element_type=\"container\" data-e-type=\"container\">\n\t\t\t\t<div class=\"elementor-element elementor-element-6aa9007 elementor-widget elementor-widget-heading\" data-id=\"6aa9007\" data-element_type=\"widget\" data-e-type=\"widget\" data-widget_type=\"heading.default\">\n\t\t\t\t\t<h2 class=\"elementor-heading-title elementor-size-default\">Parceiros<span style=\"color:black\"> Levycam<\/span> <\/h2>\t\t\t\t<\/div>\n\t\t\t\t<\/div>\n\t\t\t\t\t<\/div>\n\t\t\t\t<\/div>\n\t\t<div class=\"elementor-element elementor-element-facc021 e-flex e-con-boxed wpr-particle-no wpr-jarallax-no wpr-parallax-no wpr-sticky-section-no wpr-equal-height-no e-con e-parent\" data-id=\"facc021\" data-element_type=\"container\" data-e-type=\"container\">\n\t\t\t\t\t<div class=\"e-con-inner\">\n\t\t<div class=\"elementor-element elementor-element-5b247c8 e-con-full e-flex wpr-particle-no wpr-jarallax-no wpr-parallax-no wpr-sticky-section-no wpr-equal-height-no e-con e-child\" data-id=\"5b247c8\" data-element_type=\"container\" data-e-type=\"container\">\n\t\t\t\t<div class=\"elementor-element elementor-element-a3fdb6d elementor-widget elementor-widget-image\" data-id=\"a3fdb6d\" data-element_type=\"widget\" data-e-type=\"widget\" data-widget_type=\"image.default\">\n\t\t\t\t\t\t\t\t\t\t\t\t\t\t\t<img decoding=\"async\" src=\"https:\/\/levycam.com.br\/wp-content\/uploads\/elementor\/thumbs\/simple-rlbxfrbqtg4yo87buhwqk52o9ccbzlf80n45uftjpc.png\" title=\"simple\" alt=\"simple\" loading=\"lazy\" \/>\t\t\t\t\t\t\t\t\t\t\t\t\t\t\t<\/div>\n\t\t\t\t<\/div>\n\t\t<div class=\"elementor-element elementor-element-8b53a0e e-con-full e-flex wpr-particle-no wpr-jarallax-no wpr-parallax-no wpr-sticky-section-no wpr-equal-height-no e-con e-child\" data-id=\"8b53a0e\" data-element_type=\"container\" data-e-type=\"container\">\n\t\t\t\t<div class=\"elementor-element elementor-element-ac46d94 elementor-widget elementor-widget-image\" data-id=\"ac46d94\" data-element_type=\"widget\" data-e-type=\"widget\" data-widget_type=\"image.default\">\n\t\t\t\t\t\t\t\t\t\t\t\t\t\t\t\t<a href=\"https:\/\/www.finmore.com.br\/\">\n\t\t\t\t\t\t\t<img decoding=\"async\" src=\"https:\/\/levycam.com.br\/wp-content\/uploads\/elementor\/thumbs\/finmore-rlbxfu59dy8sm880o86zu9kk0t182e4uwcsq6mdm9s.png\" title=\"finmore\" alt=\"finmore\" loading=\"lazy\" \/>\t\t\t\t\t\t\t\t<\/a>\n\t\t\t\t\t\t\t\t\t\t\t\t\t\t\t<\/div>\n\t\t\t\t<\/div>\n\t\t<div class=\"elementor-element elementor-element-1a6d185 e-con-full e-flex wpr-particle-no wpr-jarallax-no wpr-parallax-no wpr-sticky-section-no wpr-equal-height-no e-con e-child\" data-id=\"1a6d185\" data-element_type=\"container\" data-e-type=\"container\">\n\t\t\t\t<\/div>\n\t\t\t\t\t<\/div>\n\t\t\t\t<\/div>\n\t\t\t\t<\/div>\n\t\t","protected":false},"excerpt":{"rendered":"<p>Turbine o crescimento do seu neg\u00f3cio. Sua expans\u00e3o come\u00e7a com uma parceria confi\u00e1vel. Benef\u00edcios de ser um parceiro Levycam Ao integrar o ecossistema Levycam, sua empresa amplia capacidade operacional, fortalece sua oferta ao mercado e acelera a gera\u00e7\u00e3o de receita com solu\u00e7\u00f5es cambiais e financeiras internacionais estruturadas. Voc\u00ea vai ter nosso apoio para: \u2022 Gera\u00e7\u00e3o de Novos Neg\u00f3cios: Amplie sua proposta de valor com solu\u00e7\u00f5es internacionais prontas para integrar \u00e0 sua base de clientes. \u2022 Especialistas Dedicados: Acesso ao nosso time de especialistas em c\u00e2mbio e opera\u00e7\u00f5es internacionais para suporte estrat\u00e9gico e operacional. \u2022 A\u00e7\u00f5es Conjuntas de Marketing e Vendas: Co-cria\u00e7\u00e3o de oportunidades comerciais e iniciativas para expans\u00e3o de mercado. \u2022 Selo Levycam: Associe sua marca a uma corretora com mais de 90 anos de solidez, governan\u00e7a e reconhecimento no mercado. Torne-se parceiro estrat\u00e9gico da Levycam. Fale com nosso time Parceiros Levycam<\/p>\n","protected":false},"author":1,"featured_media":0,"parent":0,"menu_order":0,"comment_status":"closed","ping_status":"closed","template":"elementor_header_footer","meta":{"footnotes":""},"class_list":["post-558","page","type-page","status-publish","hentry"],"_links":{"self":[{"href":"https:\/\/levycam.com.br\/wp-json\/wp\/v2\/pages\/558","targetHints":{"allow":["GET"]}}],"collection":[{"href":"https:\/\/levycam.com.br\/wp-json\/wp\/v2\/pages"}],"about":[{"href":"https:\/\/levycam.com.br\/wp-json\/wp\/v2\/types\/page"}],"author":[{"embeddable":true,"href":"https:\/\/levycam.com.br\/wp-json\/wp\/v2\/users\/1"}],"replies":[{"embeddable":true,"href":"https:\/\/levycam.com.br\/wp-json\/wp\/v2\/comments?post=558"}],"version-history":[{"count":46,"href":"https:\/\/levycam.com.br\/wp-json\/wp\/v2\/pages\/558\/revisions"}],"predecessor-version":[{"id":1059,"href":"https:\/\/levycam.com.br\/wp-json\/wp\/v2\/pages\/558\/revisions\/1059"}],"wp:attachment":[{"href":"https:\/\/levycam.com.br\/wp-json\/wp\/v2\/media?parent=558"}],"curies":[{"name":"wp","href":"https:\/\/api.w.org\/{rel}","templated":true}]}}